{"id":177,"date":"2024-03-29T14:21:09","date_gmt":"2024-03-29T14:21:09","guid":{"rendered":"https:\/\/v2033.de\/?page_id=177"},"modified":"2024-03-29T14:28:23","modified_gmt":"2024-03-29T14:28:23","slug":"d-i-b-projekt","status":"publish","type":"page","link":"https:\/\/v2033.de\/index.php\/d-i-b-projekt-2\/d-i-b-projekt\/","title":{"rendered":"D.I.B.-Projekt Varroa-2033"},"content":{"rendered":"\n<p>\u00dcberraschenderweise ist das Projekt D.I.B.-Varroa-2033 kein neues Projekt wie EurBest. Bei diesem Projekt werden die bew\u00e4hrten Verfahrensweisen in die Breite der Imkerschaft gebracht. D.h. wir haben es hier mit einem Rollout-Projekt zu tun. <\/p>\n\n\n\n<p>Unser Ziel ist dabei, alle Ortvereine zu erreichen. Dies kann \u00fcber die Schulung von der in Entstehung befindenlichen D.I.B.-Akademie \u00fcber die Landesverb\u00e4nde hin zu Bezirks-, Kreis- und Ortsvereine gestaltet werden.<\/p>\n\n\n\n<p>Die Umsetzung basiert daher auf drei S\u00e4ulen. Die einzelnen Verfahren werden noch gesondert dargestellt.<\/p>\n\n\n\n<figure class=\"wp-block-image size-large\"><img loading=\"lazy\" decoding=\"async\" width=\"1024\" height=\"724\" src=\"https:\/\/v2033.de\/wp-content\/uploads\/2024\/03\/2024-02-27-Dreisaeulen-1024x724.png\" alt=\"\" class=\"wp-image-189\" srcset=\"https:\/\/v2033.de\/wp-content\/uploads\/2024\/03\/2024-02-27-Dreisaeulen-1024x724.png 1024w, https:\/\/v2033.de\/wp-content\/uploads\/2024\/03\/2024-02-27-Dreisaeulen-300x212.png 300w, https:\/\/v2033.de\/wp-content\/uploads\/2024\/03\/2024-02-27-Dreisaeulen-768x543.png 768w, https:\/\/v2033.de\/wp-content\/uploads\/2024\/03\/2024-02-27-Dreisaeulen-960x679.png 960w, https:\/\/v2033.de\/wp-content\/uploads\/2024\/03\/2024-02-27-Dreisaeulen.png 1121w\" sizes=\"auto, (max-width: 1024px) 100vw, 1024px\" \/><\/figure>\n\n\n\n<figure class=\"wp-block-image size-large\"><img loading=\"lazy\" decoding=\"async\" width=\"1024\" height=\"724\" src=\"https:\/\/v2033.de\/wp-content\/uploads\/2024\/03\/2024-02-27-Diagrammueberblick-Freizeitimker-1024x724.png\" alt=\"\" class=\"wp-image-178\" srcset=\"https:\/\/v2033.de\/wp-content\/uploads\/2024\/03\/2024-02-27-Diagrammueberblick-Freizeitimker-1024x724.png 1024w, https:\/\/v2033.de\/wp-content\/uploads\/2024\/03\/2024-02-27-Diagrammueberblick-Freizeitimker-300x212.png 300w, https:\/\/v2033.de\/wp-content\/uploads\/2024\/03\/2024-02-27-Diagrammueberblick-Freizeitimker-768x543.png 768w, https:\/\/v2033.de\/wp-content\/uploads\/2024\/03\/2024-02-27-Diagrammueberblick-Freizeitimker-960x679.png 960w, https:\/\/v2033.de\/wp-content\/uploads\/2024\/03\/2024-02-27-Diagrammueberblick-Freizeitimker.png 1121w\" sizes=\"auto, (max-width: 1024px) 100vw, 1024px\" \/><\/figure>\n\n\n\n<figure class=\"wp-block-image size-large\"><img loading=\"lazy\" decoding=\"async\" width=\"1024\" height=\"724\" src=\"https:\/\/v2033.de\/wp-content\/uploads\/2024\/03\/2024-02-27-Diagrammueberblick-Reinzuechter-1024x724.png\" alt=\"\" class=\"wp-image-179\" srcset=\"https:\/\/v2033.de\/wp-content\/uploads\/2024\/03\/2024-02-27-Diagrammueberblick-Reinzuechter-1024x724.png 1024w, https:\/\/v2033.de\/wp-content\/uploads\/2024\/03\/2024-02-27-Diagrammueberblick-Reinzuechter-300x212.png 300w, https:\/\/v2033.de\/wp-content\/uploads\/2024\/03\/2024-02-27-Diagrammueberblick-Reinzuechter-768x543.png 768w, https:\/\/v2033.de\/wp-content\/uploads\/2024\/03\/2024-02-27-Diagrammueberblick-Reinzuechter-960x679.png 960w, https:\/\/v2033.de\/wp-content\/uploads\/2024\/03\/2024-02-27-Diagrammueberblick-Reinzuechter.png 1121w\" sizes=\"auto, (max-width: 1024px) 100vw, 1024px\" \/><\/figure>\n\n\n\n<figure class=\"wp-block-image size-large\"><img loading=\"lazy\" decoding=\"async\" width=\"1024\" height=\"724\" src=\"https:\/\/v2033.de\/wp-content\/uploads\/2024\/03\/2024-02-27-Diagrammueberblick-Resistenzzucht-1024x724.png\" alt=\"\" class=\"wp-image-180\" srcset=\"https:\/\/v2033.de\/wp-content\/uploads\/2024\/03\/2024-02-27-Diagrammueberblick-Resistenzzucht-1024x724.png 1024w, https:\/\/v2033.de\/wp-content\/uploads\/2024\/03\/2024-02-27-Diagrammueberblick-Resistenzzucht-300x212.png 300w, https:\/\/v2033.de\/wp-content\/uploads\/2024\/03\/2024-02-27-Diagrammueberblick-Resistenzzucht-768x543.png 768w, https:\/\/v2033.de\/wp-content\/uploads\/2024\/03\/2024-02-27-Diagrammueberblick-Resistenzzucht-960x679.png 960w, https:\/\/v2033.de\/wp-content\/uploads\/2024\/03\/2024-02-27-Diagrammueberblick-Resistenzzucht.png 1121w\" sizes=\"auto, (max-width: 1024px) 100vw, 1024px\" \/><\/figure>\n\n\n\n<figure class=\"wp-block-image size-large\"><img loading=\"lazy\" decoding=\"async\" width=\"1024\" height=\"724\" src=\"https:\/\/v2033.de\/wp-content\/uploads\/2024\/03\/2024-02-27-Diagrammueberblick-Biotechnik-1024x724.png\" alt=\"\" class=\"wp-image-181\" srcset=\"https:\/\/v2033.de\/wp-content\/uploads\/2024\/03\/2024-02-27-Diagrammueberblick-Biotechnik-1024x724.png 1024w, https:\/\/v2033.de\/wp-content\/uploads\/2024\/03\/2024-02-27-Diagrammueberblick-Biotechnik-300x212.png 300w, https:\/\/v2033.de\/wp-content\/uploads\/2024\/03\/2024-02-27-Diagrammueberblick-Biotechnik-768x543.png 768w, https:\/\/v2033.de\/wp-content\/uploads\/2024\/03\/2024-02-27-Diagrammueberblick-Biotechnik-960x679.png 960w, https:\/\/v2033.de\/wp-content\/uploads\/2024\/03\/2024-02-27-Diagrammueberblick-Biotechnik.png 1121w\" sizes=\"auto, (max-width: 1024px) 100vw, 1024px\" \/><\/figure>\n\n\n\n<p>29. M\u00e4rz 2024<\/p>\n","protected":false},"excerpt":{"rendered":"<p>\u00dcberraschenderweise ist das Projekt D.I.B.-Varroa-2033 kein neues Projekt wie EurBest. Bei diesem Projekt werden die bew\u00e4hrten Verfahrensweisen in die Breite der Imkerschaft gebracht. D.h. wir haben es hier mit einem Rollout-Projekt zu tun. Unser Ziel ist dabei, alle Ortvereine zu erreichen. Dies kann \u00fcber die Schulung von der in Entstehung befindenlichen D.I.B.-Akademie \u00fcber die Landesverb\u00e4nde <a href=\"https:\/\/v2033.de\/index.php\/d-i-b-projekt-2\/d-i-b-projekt\/\" class=\"more-link\">...weiterlesen<span class=\"screen-reader-text\"> \"D.I.B.-Projekt Varroa-2033\"<\/span><\/a><\/p>\n","protected":false},"author":2,"featured_media":0,"parent":183,"menu_order":1,"comment_status":"closed","ping_status":"closed","template":"","meta":{"footnotes":""},"class_list":["post-177","page","type-page","status-publish","h-entry","hentry","h-as-page"],"_links":{"self":[{"href":"https:\/\/v2033.de\/index.php\/wp-json\/wp\/v2\/pages\/177","targetHints":{"allow":["GET"]}}],"collection":[{"href":"https:\/\/v2033.de\/index.php\/wp-json\/wp\/v2\/pages"}],"about":[{"href":"https:\/\/v2033.de\/index.php\/wp-json\/wp\/v2\/types\/page"}],"author":[{"embeddable":true,"href":"https:\/\/v2033.de\/index.php\/wp-json\/wp\/v2\/users\/2"}],"replies":[{"embeddable":true,"href":"https:\/\/v2033.de\/index.php\/wp-json\/wp\/v2\/comments?post=177"}],"version-history":[{"count":4,"href":"https:\/\/v2033.de\/index.php\/wp-json\/wp\/v2\/pages\/177\/revisions"}],"predecessor-version":[{"id":193,"href":"https:\/\/v2033.de\/index.php\/wp-json\/wp\/v2\/pages\/177\/revisions\/193"}],"up":[{"embeddable":true,"href":"https:\/\/v2033.de\/index.php\/wp-json\/wp\/v2\/pages\/183"}],"wp:attachment":[{"href":"https:\/\/v2033.de\/index.php\/wp-json\/wp\/v2\/media?parent=177"}],"curies":[{"name":"wp","href":"https:\/\/api.w.org\/{rel}","templated":true}]}}