{"id":201,"date":"2024-03-29T14:33:52","date_gmt":"2024-03-29T14:33:52","guid":{"rendered":"https:\/\/v2033.de\/?page_id=201"},"modified":"2024-03-31T13:37:15","modified_gmt":"2024-03-31T13:37:15","slug":"resistenzzuechter","status":"publish","type":"page","link":"https:\/\/v2033.de\/index.php\/zucht\/resistenzzuechter\/","title":{"rendered":"Resistenzz\u00fcchter"},"content":{"rendered":"\n<p>Resistenzz\u00fcchter sind Z\u00fcchter mit Beebreed-Code, die Merkmalsauspr\u00e4gungen f\u00fcr die Zucht um die Resistenzmerkmale erweitern. Das sind die Merkmale, VSH, SMR, Nadeltest, Auswaschprobe und Milbenfalle. Zus\u00e4tzlich k\u00f6nnen die Brutwaben zur Brutwabenuntersuchung, d.h. SMR-Auswertung eingeschickt werden. <\/p>\n\n\n\n<p>Eine VSH-Auswertung w\u00e4re m\u00f6glich, wenn beispielsweie 30 Brutzellen in einem bestimmten Alter mit je einer Varroamilbe infiziert w\u00fcrden. Zugleich w\u00fcrden weitere 30 Brutzellen entdeckelt und wieder verschlossen. Dieser Aufwand ist in der Regel von Z\u00fcchtern kaum zu leisten.<\/p>\n\n\n\n<p>Hier der \u00dcberblick.<\/p>\n\n\n\n<figure class=\"wp-block-image size-full\"><img loading=\"lazy\" decoding=\"async\" width=\"1024\" height=\"724\" src=\"https:\/\/v2033.de\/wp-content\/uploads\/2024\/03\/2024-02-27-Diagrammueberblick-Reinzuechter-1024x724-1.png\" alt=\"\" class=\"wp-image-234\" srcset=\"https:\/\/v2033.de\/wp-content\/uploads\/2024\/03\/2024-02-27-Diagrammueberblick-Reinzuechter-1024x724-1.png 1024w, https:\/\/v2033.de\/wp-content\/uploads\/2024\/03\/2024-02-27-Diagrammueberblick-Reinzuechter-1024x724-1-300x212.png 300w, https:\/\/v2033.de\/wp-content\/uploads\/2024\/03\/2024-02-27-Diagrammueberblick-Reinzuechter-1024x724-1-768x543.png 768w, https:\/\/v2033.de\/wp-content\/uploads\/2024\/03\/2024-02-27-Diagrammueberblick-Reinzuechter-1024x724-1-960x679.png 960w\" sizes=\"auto, (max-width: 1024px) 100vw, 1024px\" \/><\/figure>\n\n\n\n<p>F\u00fcr die Unterst\u00fctzung wird dringend empfohlen auf die Arbeitsgemeinschaft f\u00fcr Toleranzzucht e.V. (AGT) zuzugehen, siehe <a href=\"http:\/\/www.toleranzzucht.de\" data-type=\"link\" data-id=\"www.toleranzzucht.de\" target=\"_blank\" rel=\"noreferrer noopener\">www.toleranzzucht.de<\/a> und auf <a href=\"https:\/\/www.instagram.com\/ag_toleranzzucht\/\" data-type=\"link\" data-id=\"https:\/\/www.instagram.com\/ag_toleranzzucht\/\" target=\"_blank\" rel=\"noreferrer noopener\">Instagram<\/a>.<\/p>\n\n\n\n<p>Die Mitglieder der AGT haben interessanten Zuchtstoff, der f\u00fcr die eigenen Zuchtbem\u00fchungen sehr hilfreich sind. Siehe dazu die <a href=\"https:\/\/www.toleranzzucht.de\/agt-koeniginnen\/zuchtregistratur\" data-type=\"link\" data-id=\"https:\/\/www.toleranzzucht.de\/agt-koeniginnen\/zuchtregistratur\" target=\"_blank\" rel=\"noreferrer noopener\">Zuchtregistratur<\/a>, die einen schnellen Einblick auf die bestehenden Zuchtlinien erm\u00f6glicht. Wie aus der Zuchtregistratur ersichtlich wird von den Mitgliedern hauptsachlich Carnica-Zucht betrieben.<\/p>\n\n\n\n<p>Das <a href=\"https:\/\/www.toleranzzucht.de\/zuchtpraxis\/methodenhandbuch\" data-type=\"link\" data-id=\"https:\/\/www.toleranzzucht.de\/zuchtpraxis\/methodenhandbuch\" target=\"_blank\" rel=\"noreferrer noopener\">Methodenhandbuch<\/a> ist dabei die Grundlage der Zuchtvergehensweise in der AGT, die auch vom Zuchtbeirat des Deutschen Imkerbundes e.V. empfohlen wird.<\/p>\n\n\n\n<p>Siehe auch: <a href=\"https:\/\/www.toleranzzucht.de\/wie-werde-ich-agt-zuechter\" data-type=\"link\" data-id=\"https:\/\/www.toleranzzucht.de\/wie-werde-ich-agt-zuechter\" target=\"_blank\" rel=\"noreferrer noopener\">Wie werde ich AGT-Z\u00fcchter?<\/a> sowie die <a href=\"https:\/\/www.toleranzzucht.de\/regionalgruppen\" data-type=\"link\" data-id=\"https:\/\/www.toleranzzucht.de\/regionalgruppen\" target=\"_blank\" rel=\"noreferrer noopener\">Regionalgruppen<\/a> der AGT, die in der N\u00e4he des eigenen Wohnorts Hilfsm\u00f6glichkeiten erm\u00f6glichen.<\/p>\n\n\n\n<p>Die <a href=\"https:\/\/www.toleranzzucht.de\/toleranzbelegstellen\/toleranzbelegstellen\" data-type=\"link\" data-id=\"https:\/\/www.toleranzzucht.de\/toleranzbelegstellen\/toleranzbelegstellen\" target=\"_blank\" rel=\"noreferrer noopener\">AGT-Belegstellen<\/a> f\u00fchren Drohnenv\u00f6lker von selektierten M\u00fcttern und betreiben die Belegstellen nach AGT-Richtlinien. Es gibt auch eine Reihe von Belegstellen, die <a href=\"https:\/\/www.toleranzzucht.de\/toleranzbelegstellen\/belegstellen-mit-agt-drohnenvoelkern\" data-type=\"link\" data-id=\"https:\/\/www.toleranzzucht.de\/toleranzbelegstellen\/belegstellen-mit-agt-drohnenvoelkern\" target=\"_blank\" rel=\"noreferrer noopener\">AGT-Drohnenv\u00f6lker<\/a> aufstellen ohne eine AGT-Belegstelle zu sein.<\/p>\n\n\n\n<p>In diesem Zusammenhang sei darauf hingewiesen, dass auch ohne Beebreed-Code Zucht m\u00f6glich ist. Sollten dabei interessante Zuchterfolge auftreten, so ist das dann nicht der Allgemeinheit zug\u00e4nglich, was sehr schade w\u00e4re.<\/p>\n\n\n\n<p>31. M\u00e4rz 2024 G\u00f6khan Gebel<\/p>\n","protected":false},"excerpt":{"rendered":"<p>Resistenzz\u00fcchter sind Z\u00fcchter mit Beebreed-Code, die Merkmalsauspr\u00e4gungen f\u00fcr die Zucht um die Resistenzmerkmale erweitern. Das sind die Merkmale, VSH, SMR, Nadeltest, Auswaschprobe und Milbenfalle. Zus\u00e4tzlich k\u00f6nnen die Brutwaben zur Brutwabenuntersuchung, d.h. SMR-Auswertung eingeschickt werden. Eine VSH-Auswertung w\u00e4re m\u00f6glich, wenn beispielsweie 30 Brutzellen in einem bestimmten Alter mit je einer Varroamilbe infiziert w\u00fcrden. Zugleich w\u00fcrden weitere <a href=\"https:\/\/v2033.de\/index.php\/zucht\/resistenzzuechter\/\" class=\"more-link\">...weiterlesen<span class=\"screen-reader-text\"> \"Resistenzz\u00fcchter\"<\/span><\/a><\/p>\n","protected":false},"author":2,"featured_media":0,"parent":43,"menu_order":0,"comment_status":"closed","ping_status":"closed","template":"","meta":{"footnotes":""},"class_list":["post-201","page","type-page","status-publish","h-entry","hentry","h-as-page"],"_links":{"self":[{"href":"https:\/\/v2033.de\/index.php\/wp-json\/wp\/v2\/pages\/201","targetHints":{"allow":["GET"]}}],"collection":[{"href":"https:\/\/v2033.de\/index.php\/wp-json\/wp\/v2\/pages"}],"about":[{"href":"https:\/\/v2033.de\/index.php\/wp-json\/wp\/v2\/types\/page"}],"author":[{"embeddable":true,"href":"https:\/\/v2033.de\/index.php\/wp-json\/wp\/v2\/users\/2"}],"replies":[{"embeddable":true,"href":"https:\/\/v2033.de\/index.php\/wp-json\/wp\/v2\/comments?post=201"}],"version-history":[{"count":9,"href":"https:\/\/v2033.de\/index.php\/wp-json\/wp\/v2\/pages\/201\/revisions"}],"predecessor-version":[{"id":302,"href":"https:\/\/v2033.de\/index.php\/wp-json\/wp\/v2\/pages\/201\/revisions\/302"}],"up":[{"embeddable":true,"href":"https:\/\/v2033.de\/index.php\/wp-json\/wp\/v2\/pages\/43"}],"wp:attachment":[{"href":"https:\/\/v2033.de\/index.php\/wp-json\/wp\/v2\/media?parent=201"}],"curies":[{"name":"wp","href":"https:\/\/api.w.org\/{rel}","templated":true}]}}