{"id":203,"date":"2024-03-29T14:34:10","date_gmt":"2024-03-29T14:34:10","guid":{"rendered":"https:\/\/v2033.de\/?page_id=203"},"modified":"2024-08-23T12:21:36","modified_gmt":"2024-08-23T12:21:36","slug":"beschleunigte-zucht","status":"publish","type":"page","link":"https:\/\/v2033.de\/index.php\/zucht\/beschleunigte-zucht\/","title":{"rendered":"Beschleunigte Zucht"},"content":{"rendered":"\n<p>Bei der beschleunigten Zucht werden zwei Nachzuchten im gleichen Jahr durchgef\u00fchrt. Die bestehende Population wird im August bewertet und mit instrumenteller Besamung auch in den September hinein eine weitere Nachzucht in die Weg geleitet. Die Verfahren dazu sind \u00fcberraschender Weise recht alt. Die Professoren Harbo und Harris hatten dazu die Vorarbeiten geleistet. Professor Harris gibt an, dass er ungef\u00e4hr 10 Jahre ben\u00f6tigt hat um varroaresistene V\u00f6lker zu erhalten. <\/p>\n\n\n\n<p>Die Vorselektion wird \u00fcblicherweise in kleinen Beuten - Mini Plus - durchgef\u00fchrt, da der Einsatz von eindrohnbesamten K\u00f6niginnen recht schnell zu einem Ersch\u00f6pfen der Spermatheka der K\u00f6nigin f\u00fchren kann. Es sind glaubhafte Ausf\u00fchrungen der Bieneninstitute vorhanden, die das dreij\u00e4hrige Halten von eindrohnbesamten K\u00f6niginnen best\u00e4tigen.<\/p>\n\n\n\n<p>Urspr\u00fcnglich wurden bei der Vorselektion mit eine Infizierung mit 150 Milben durchgef\u00fchrt. Dies wird jetzt ersetzt durch das ganzj\u00e4hrige F\u00fchren von Mini-Plus-V\u00f6lkern mit dem dann normalen Varroabefall in diesen Beuten. <\/p>\n\n\n\n<p>Es wird vermutet, dass die Infizierung von 150 Milben bei einem kleinen Volk zu aussergew\u00f6hnlichen Ausr\u00e4umraten ohne Varraoresistenzeigenschaft f\u00fchrt oder das Aussieben mit der Puderzuckmethode Varroaen sch\u00e4digt. Die chemische Mimikry der Varroamilbe ist eine passive Eigenschaft der Milbenhaut. Die Milbe ist in der Lage innerhalb 20 bis 60 Minuten die Geruchsumgebung nachzubilden, siehe <a href=\"https:\/\/www.youtube.com\/watch?v=fE4emUMyOWs&amp;t=1465s\" data-type=\"link\" data-id=\"https:\/\/www.youtube.com\/watch?v=fE4emUMyOWs&amp;t=1465s\" target=\"_blank\" rel=\"noreferrer noopener\">hier auf Youtube<\/a>. Die Vermutung, dass die Varroamilben nach dem Aussieben mit der Zuckerpudermethode nicht schnell genug ihren Geruch anpassen k\u00f6nnen ist daher sehr naheliegend.<\/p>\n\n\n\n<p>Unabh\u00e4ngig von den Vermutungen wird beobachtet, dass eine urspr\u00fcngliche Reduktion nach der Erstinfizierung bei der weiteren Auswertung im August wieder einen normalen Varroabefall f\u00fchrt. Die Brutwabenuntersuchung Ende August scheint daher der richtige Zeitpunkt f\u00fcr die Brutauswertung zu sein.<\/p>\n\n\n\n<p><\/p>\n\n\n\n<p>Die Arbeitsgemeinschaft Toleranzzucht ist seit 2003 t\u00e4tig. Sie kann somit bereits auf 20 Jahre Erfahrungen mit der Z\u00fcchtung von varroatoleranten K\u00f6niginnen verweisen.<\/p>\n\n\n\n<p>Bekannt werden die gro\u00dfen Studien EurBeST und SMR-Selektion sein, die die Machbarkeit der Resistenzzucht best\u00e4tigt hatten. Mit dem Projekt EurBeST kommt die Empfehlung regional angepasste Linien zu verwenden. <\/p>\n\n\n\n<p>Die Vorgehensweise der beschleunigten Zucht ist aufw\u00e4ndig und mit Einmalkosten verbunden. <\/p>\n\n\n\n<figure class=\"wp-block-image size-large\"><img loading=\"lazy\" decoding=\"async\" width=\"1024\" height=\"724\" src=\"https:\/\/v2033.de\/wp-content\/uploads\/2024\/03\/2024-03-12-Varroaresistenzzucht-v1-1024x724.png\" alt=\"\" class=\"wp-image-211\" srcset=\"https:\/\/v2033.de\/wp-content\/uploads\/2024\/03\/2024-03-12-Varroaresistenzzucht-v1-1024x724.png 1024w, https:\/\/v2033.de\/wp-content\/uploads\/2024\/03\/2024-03-12-Varroaresistenzzucht-v1-300x212.png 300w, https:\/\/v2033.de\/wp-content\/uploads\/2024\/03\/2024-03-12-Varroaresistenzzucht-v1-768x543.png 768w, https:\/\/v2033.de\/wp-content\/uploads\/2024\/03\/2024-03-12-Varroaresistenzzucht-v1-960x679.png 960w, https:\/\/v2033.de\/wp-content\/uploads\/2024\/03\/2024-03-12-Varroaresistenzzucht-v1.png 1121w\" sizes=\"auto, (max-width: 1024px) 100vw, 1024px\" \/><\/figure>\n\n\n\n<figure class=\"wp-block-image size-large\"><img loading=\"lazy\" decoding=\"async\" width=\"1024\" height=\"724\" src=\"https:\/\/v2033.de\/wp-content\/uploads\/2024\/03\/2024-03-12-Varroaresistenzzucht-v1-1-1024x724.png\" alt=\"\" class=\"wp-image-212\" srcset=\"https:\/\/v2033.de\/wp-content\/uploads\/2024\/03\/2024-03-12-Varroaresistenzzucht-v1-1-1024x724.png 1024w, https:\/\/v2033.de\/wp-content\/uploads\/2024\/03\/2024-03-12-Varroaresistenzzucht-v1-1-300x212.png 300w, https:\/\/v2033.de\/wp-content\/uploads\/2024\/03\/2024-03-12-Varroaresistenzzucht-v1-1-768x543.png 768w, https:\/\/v2033.de\/wp-content\/uploads\/2024\/03\/2024-03-12-Varroaresistenzzucht-v1-1-960x679.png 960w, https:\/\/v2033.de\/wp-content\/uploads\/2024\/03\/2024-03-12-Varroaresistenzzucht-v1-1.png 1121w\" sizes=\"auto, (max-width: 1024px) 100vw, 1024px\" \/><\/figure>\n\n\n\n<figure class=\"wp-block-image size-large\"><img loading=\"lazy\" decoding=\"async\" width=\"1024\" height=\"724\" src=\"https:\/\/v2033.de\/wp-content\/uploads\/2024\/03\/2024-03-12-Varroaresistenzzucht-v1-2-1024x724.png\" alt=\"\" class=\"wp-image-213\" srcset=\"https:\/\/v2033.de\/wp-content\/uploads\/2024\/03\/2024-03-12-Varroaresistenzzucht-v1-2-1024x724.png 1024w, https:\/\/v2033.de\/wp-content\/uploads\/2024\/03\/2024-03-12-Varroaresistenzzucht-v1-2-300x212.png 300w, https:\/\/v2033.de\/wp-content\/uploads\/2024\/03\/2024-03-12-Varroaresistenzzucht-v1-2-768x543.png 768w, https:\/\/v2033.de\/wp-content\/uploads\/2024\/03\/2024-03-12-Varroaresistenzzucht-v1-2-960x679.png 960w, https:\/\/v2033.de\/wp-content\/uploads\/2024\/03\/2024-03-12-Varroaresistenzzucht-v1-2.png 1121w\" sizes=\"auto, (max-width: 1024px) 100vw, 1024px\" \/><\/figure>\n\n\n\n<figure class=\"wp-block-image size-large\"><img loading=\"lazy\" decoding=\"async\" width=\"1024\" height=\"724\" src=\"https:\/\/v2033.de\/wp-content\/uploads\/2024\/03\/2024-03-12-Varroaresistenzzucht-v1-3-1024x724.png\" alt=\"\" class=\"wp-image-215\" srcset=\"https:\/\/v2033.de\/wp-content\/uploads\/2024\/03\/2024-03-12-Varroaresistenzzucht-v1-3-1024x724.png 1024w, https:\/\/v2033.de\/wp-content\/uploads\/2024\/03\/2024-03-12-Varroaresistenzzucht-v1-3-300x212.png 300w, https:\/\/v2033.de\/wp-content\/uploads\/2024\/03\/2024-03-12-Varroaresistenzzucht-v1-3-768x543.png 768w, https:\/\/v2033.de\/wp-content\/uploads\/2024\/03\/2024-03-12-Varroaresistenzzucht-v1-3-960x679.png 960w, https:\/\/v2033.de\/wp-content\/uploads\/2024\/03\/2024-03-12-Varroaresistenzzucht-v1-3.png 1121w\" sizes=\"auto, (max-width: 1024px) 100vw, 1024px\" \/><\/figure>\n\n\n\n<p><strong>Selektionskriterien<\/strong><\/p>\n\n\n\n<ol class=\"wp-block-list\">\n<li><strong>SMR-Wert gr\u00f6\u00dfer\/gleich 75%<\/strong><\/li>\n\n\n\n<li><strong>Anteil Milben kleiner\/gleich 8%<\/strong>. (Durchschnittlicher Varroa-Befall \u00fcberlebender V\u00f6lker 2,6%, nicht \u00fcberlebender V\u00f6lker 9,4% - Deutsches Bienenmonitoring Winterverluste 2021\/2022 abgerufen am 29.11.2023)<\/li>\n\n\n\n<li><strong>Nadeltest<\/strong> als Zusatzkriterium nach 1.+2.<\/li>\n\n\n\n<li><strong>Varroafall<\/strong> und <strong>Befallsprobe<\/strong> durch Auswaschtest<\/li>\n\n\n\n<li><strong>Vitalit\u00e4tstest - Einwinterung ohne Behandlung und gute Fr\u00fchjahrsentwicklung<\/strong><\/li>\n<\/ol>\n\n\n\n<p>Die Selektionskriterien werden zu einem sp\u00e4teren Zeitpunkt separat intensiv diskutiert. <\/p>\n\n\n\n<p>Zu beachten ist, dass die hier aufgef\u00fchrten Selektionswerte aus der Praxis entstammen. Von den Bieneninstituten liegen keine normativen Vorschl\u00e4ge bez\u00fcglich der Selektionswerte vor. Der in Beebreed verwendete Varraoindex bezieht sich zu 50% auf den Nadeltest und zu 50% auf den Milbenanteil. Die SMR-Brutwabenuntersuchungen sind nicht Bestandteil des Varraoindex.<\/p>\n\n\n\n<p>Erfreulicherweise k\u00f6nnen die Anteile f\u00fcr eine eigene Zuchtwertberechnung sehr einfach in Beebreed angegeben werden, so dass ein Gesamtselektionszuchtwert nach eigenen Vorstellungen schnell angezeigt werden kann.<\/p>\n\n\n\n<p><strong>Milbenanteil<\/strong><\/p>\n\n\n\n<ol class=\"wp-block-list\">\n<li>Der Auswaschtest alleine ist nicht in jedem Jahr aussagekr\u00e4ftig. In 2023 waren mehrere Beobachtungen in Bayern, dass trotz erheblichen Milbenfalls kaum Milben bei den Auswaschproben gefunden wurden.<\/li>\n\n\n\n<li>Milbenfall und Auswaschproben sind beide zu ermitteln und sollten jeweils unter 8% liegen<\/li>\n<\/ol>\n\n\n\n<p><strong>Nadeltest<\/strong><\/p>\n\n\n\n<ol class=\"wp-block-list\">\n<li>V\u00f6lker, die Varroa-sensitive Hygiene (VSH) aufweisen, sind auch Hygiene-Sensitive (Nadeltest)<\/li>\n\n\n\n<li>V\u00f6lker, die Hygiene-Sensitive (Nadeltest) sind, m\u00fcssen nicht Varroa-sensitive sein<\/li>\n\n\n\n<li>Der Nadeltest kann daher als Vorauswahltest genutzt werden. V\u00f6lker, die beim Nadeltest versagen k\u00f6nnen ausgesondert werden<\/li>\n<\/ol>\n\n\n\n<p>Aktuell werden von den Bieneninstituten global die Verwendung von VSH, SMR, REC, Nadeltest und Milbenbefallsproben vorgeschlagen. <\/p>\n\n\n\n<p>VSH (Varroa sensitive Hygiene) kann nur durch Direktinfektion von Brutzellen mit jeweils einer Milbe gemessen werden, so dass dieser Arbeitsaufwand bekannterweise nicht geleistet werden kann.<\/p>\n\n\n\n<ul class=\"wp-block-list\">\n<li>SMR (Suppressed Mite Reproduction) ist durch die Brutwabenauswertung messbar.<\/li>\n\n\n\n<li>REC (Recapping) wird empfohlen, dabei ist RECinf, d.h. Recapping infiziert das aussagekr\u00e4ftigere Merkmal.<\/li>\n\n\n\n<li>Der Nadeltest ist ein guter Indikator zur negativen Selektion.<\/li>\n\n\n\n<li>Die Milbenbelastung selber ist in den Auspr\u00e4gungen nat\u00fcrlicher Milbenfall und Befallsproben durch Auswaschen von 30 Gramm Bienen zu ermitteln.<\/li>\n<\/ul>\n\n\n\n<p>--<\/p>\n\n\n\n<p>Das Zuchtmaterial kann aus Beebreed nach den eigenen Anforderungen ausgew\u00e4hlt werden. Bitte beachten sie, dass SMR-Zuchtwerte angeklickt ist und die Eigenleistung mit SMR ausgew\u00e4hlt wurde. Bitte auch beachten, die berechneten Ergebnisse sind in Klammer angeben, die selber ermittelten Werte sind ohne Klammern. Wir interessieren uns f\u00fcr die Eigenwerte.<\/p>\n\n\n\n<figure class=\"wp-block-image size-large\"><img loading=\"lazy\" decoding=\"async\" width=\"1024\" height=\"724\" src=\"https:\/\/v2033.de\/wp-content\/uploads\/2024\/03\/2024-03-12-Varroaresistenzzucht-v1-4-1024x724.png\" alt=\"\" class=\"wp-image-216\" srcset=\"https:\/\/v2033.de\/wp-content\/uploads\/2024\/03\/2024-03-12-Varroaresistenzzucht-v1-4-1024x724.png 1024w, https:\/\/v2033.de\/wp-content\/uploads\/2024\/03\/2024-03-12-Varroaresistenzzucht-v1-4-300x212.png 300w, https:\/\/v2033.de\/wp-content\/uploads\/2024\/03\/2024-03-12-Varroaresistenzzucht-v1-4-768x543.png 768w, https:\/\/v2033.de\/wp-content\/uploads\/2024\/03\/2024-03-12-Varroaresistenzzucht-v1-4-960x679.png 960w, https:\/\/v2033.de\/wp-content\/uploads\/2024\/03\/2024-03-12-Varroaresistenzzucht-v1-4.png 1121w\" sizes=\"auto, (max-width: 1024px) 100vw, 1024px\" \/><\/figure>\n\n\n\n<p>Dieser Teil ist derzeit zu kurz ausgef\u00fchrt. Die Details werden nach und nach eingestellt.<\/p>\n\n\n\n<p>2. April 2024 G\u00f6khan Gebel<\/p>\n","protected":false},"excerpt":{"rendered":"<p>Bei der beschleunigten Zucht werden zwei Nachzuchten im gleichen Jahr durchgef\u00fchrt. Die bestehende Population wird im August bewertet und mit instrumenteller Besamung auch in den September hinein eine weitere Nachzucht in die Weg geleitet. Die Verfahren dazu sind \u00fcberraschender Weise recht alt. Die Professoren Harbo und Harris hatten dazu die Vorarbeiten geleistet. Professor Harris gibt <a href=\"https:\/\/v2033.de\/index.php\/zucht\/beschleunigte-zucht\/\" class=\"more-link\">...weiterlesen<span class=\"screen-reader-text\"> \"Beschleunigte Zucht\"<\/span><\/a><\/p>\n","protected":false},"author":2,"featured_media":0,"parent":43,"menu_order":0,"comment_status":"closed","ping_status":"closed","template":"","meta":{"footnotes":""},"class_list":["post-203","page","type-page","status-publish","h-entry","hentry","h-as-page"],"_links":{"self":[{"href":"https:\/\/v2033.de\/index.php\/wp-json\/wp\/v2\/pages\/203","targetHints":{"allow":["GET"]}}],"collection":[{"href":"https:\/\/v2033.de\/index.php\/wp-json\/wp\/v2\/pages"}],"about":[{"href":"https:\/\/v2033.de\/index.php\/wp-json\/wp\/v2\/types\/page"}],"author":[{"embeddable":true,"href":"https:\/\/v2033.de\/index.php\/wp-json\/wp\/v2\/users\/2"}],"replies":[{"embeddable":true,"href":"https:\/\/v2033.de\/index.php\/wp-json\/wp\/v2\/comments?post=203"}],"version-history":[{"count":17,"href":"https:\/\/v2033.de\/index.php\/wp-json\/wp\/v2\/pages\/203\/revisions"}],"predecessor-version":[{"id":349,"href":"https:\/\/v2033.de\/index.php\/wp-json\/wp\/v2\/pages\/203\/revisions\/349"}],"up":[{"embeddable":true,"href":"https:\/\/v2033.de\/index.php\/wp-json\/wp\/v2\/pages\/43"}],"wp:attachment":[{"href":"https:\/\/v2033.de\/index.php\/wp-json\/wp\/v2\/media?parent=203"}],"curies":[{"name":"wp","href":"https:\/\/api.w.org\/{rel}","templated":true}]}}