{"id":266,"date":"2024-03-29T19:14:21","date_gmt":"2024-03-29T19:14:21","guid":{"rendered":"https:\/\/v2033.de\/?page_id=266"},"modified":"2024-03-30T15:46:28","modified_gmt":"2024-03-30T15:46:28","slug":"buchempfehlung-dr-jens-radtke","status":"publish","type":"page","link":"https:\/\/v2033.de\/index.php\/biotechnik\/buchempfehlung-dr-jens-radtke\/","title":{"rendered":"Buchempfehlung Dr. Jens Radtke"},"content":{"rendered":"<div class=\"wp-block-image\">\n<figure class=\"alignleft size-full\"><img loading=\"lazy\" decoding=\"async\" width=\"342\" height=\"280\" src=\"https:\/\/v2033.de\/wp-content\/uploads\/2024\/03\/buch_radtke.jpeg\" alt=\"\" class=\"wp-image-267\" srcset=\"https:\/\/v2033.de\/wp-content\/uploads\/2024\/03\/buch_radtke.jpeg 342w, https:\/\/v2033.de\/wp-content\/uploads\/2024\/03\/buch_radtke-300x246.jpeg 300w\" sizes=\"auto, (max-width: 342px) 100vw, 342px\" \/><\/figure>\n<\/div>\n\n\n<p><strong>Einfluss der Brutentnahme bei der Honigbiene auf ihre Leistung und Varroa-Parasitierung<\/strong><\/p>\n\n\n\n<p>Durch den bereits erfahrbaren Klimawandel werden wir vermutlich andere Ma\u00dfnahmen ergreifen m\u00fcssen um die Bienenv\u00f6lker in Zukuft am Leben zu halten. Die vermutlich fehlende Brutpause \u00fcber den Winter wird zu einer h\u00f6heren Varroabelastung bereits fr\u00fch im Jahr f\u00fchren und noch h\u00f6here Winterverluste zu Folge haben.<\/p>\n\n\n\n<p>Die Promotionsarbeit von Dr. Jens Radtke \u201eEinfluss der Brutentnahme bei der Honigbiene auf ihre Leistung und Varroa-Parasitierung\u201c zeigt hier einen m\u00f6glichen Weg, der in Zukunft vermutlich erforderlich wird. Die Doktorarbeit ist als Taschenbuch (29,80 Euro) erschienen, 2012, Verlag Dr. K\u00f6ster, ISBN 978-3-89574-788-5<\/p>\n\n\n\n<p>Der Berufsweg von Dr. Jens Radtke erfolgte \u00fcber Imkerlehre, Imkermeister und Studium zur Promotion \u00fcber Brutentnahme und Varroabefall. Seine Doktorarbeit ist kein Lehrbuch und auch nicht einfach zu lesen. Wir empfehlen das Buch mehrmals zu lesen.<\/p>\n\n\n\n<p>Bei Sp\u00e4ttrachten ist die Varroabelastung <strong>zur Zeit<\/strong> das gro\u00dfe Problem. Behandeln kann der Imker nicht, da noch nicht geerntet wurde, gleichzeitig steigt die Varroabelastung und\u00a0 Winterverluste werden sehr wahrscheinlich. Das ist auch das Szenario bei Klimanwandel mit der Variante, dass die Varroabelastung bereits bei Fr\u00fch- und Sommertrachten sehr ist.<\/p>\n\n\n\n<p>Die Grundidee von Dr. Jens Radtke ist eine Betriebsweise mit konsequenten Entnahmen der verdeckelten Brut zu entwickeln, die die Notwendigkeit einer Behandlung vor der Sp\u00e4ttracht unn\u00f6tig macht und Honigminderertr\u00e4ge, wegen der fehlenden Volksgr\u00f6\u00dfe, vermeidet. Gleichzeitig ist wichtig, dass die Arbeitsbelastung nicht steigt.<\/p>\n\n\n\n<p>Auch wenn keine Sp\u00e4ttrachten angefahren werden und die Klimaver\u00e4nderung entspannt gesehen wird, ist das Buch durch sein Zahlenmaterial sehr wertvoll. Wann genau eine Ma\u00dfnahme durchgef\u00fchrt wurde, wieviel Milliliter genau verwendet wurden, wieviele Varroen genau gefallen sind, wann genau und wieviel wurde aufgef\u00fcttert wurde u.s.w sind genau nachzulesen.<\/p>\n\n\n\n<p>Die varroaarme F\u00fchrung der V\u00f6lker durch das ganze Jahr mit der hier durchgef\u00fchrten Versuchsreihen er\u00f6ffnen einen Weg f\u00fcr die zuk\u00fcnftige Bienenhaltung.<\/p>\n\n\n\n<p>30.04.2024 G\u00f6khan Gebel<\/p>\n","protected":false},"excerpt":{"rendered":"<p>Einfluss der Brutentnahme bei der Honigbiene auf ihre Leistung und Varroa-Parasitierung Durch den bereits erfahrbaren Klimawandel werden wir vermutlich andere Ma\u00dfnahmen ergreifen m\u00fcssen um die Bienenv\u00f6lker in Zukuft am Leben zu halten. Die vermutlich fehlende Brutpause \u00fcber den Winter wird zu einer h\u00f6heren Varroabelastung bereits fr\u00fch im Jahr f\u00fchren und noch h\u00f6here Winterverluste zu Folge <a href=\"https:\/\/v2033.de\/index.php\/biotechnik\/buchempfehlung-dr-jens-radtke\/\" class=\"more-link\">...weiterlesen<span class=\"screen-reader-text\"> \"Buchempfehlung Dr. Jens Radtke\"<\/span><\/a><\/p>\n","protected":false},"author":2,"featured_media":0,"parent":46,"menu_order":0,"comment_status":"closed","ping_status":"closed","template":"","meta":{"footnotes":""},"class_list":["post-266","page","type-page","status-publish","h-entry","hentry","h-as-page"],"_links":{"self":[{"href":"https:\/\/v2033.de\/index.php\/wp-json\/wp\/v2\/pages\/266","targetHints":{"allow":["GET"]}}],"collection":[{"href":"https:\/\/v2033.de\/index.php\/wp-json\/wp\/v2\/pages"}],"about":[{"href":"https:\/\/v2033.de\/index.php\/wp-json\/wp\/v2\/types\/page"}],"author":[{"embeddable":true,"href":"https:\/\/v2033.de\/index.php\/wp-json\/wp\/v2\/users\/2"}],"replies":[{"embeddable":true,"href":"https:\/\/v2033.de\/index.php\/wp-json\/wp\/v2\/comments?post=266"}],"version-history":[{"count":3,"href":"https:\/\/v2033.de\/index.php\/wp-json\/wp\/v2\/pages\/266\/revisions"}],"predecessor-version":[{"id":293,"href":"https:\/\/v2033.de\/index.php\/wp-json\/wp\/v2\/pages\/266\/revisions\/293"}],"up":[{"embeddable":true,"href":"https:\/\/v2033.de\/index.php\/wp-json\/wp\/v2\/pages\/46"}],"wp:attachment":[{"href":"https:\/\/v2033.de\/index.php\/wp-json\/wp\/v2\/media?parent=266"}],"curies":[{"name":"wp","href":"https:\/\/api.w.org\/{rel}","templated":true}]}}