{"id":281,"date":"2024-03-30T15:27:25","date_gmt":"2024-03-30T15:27:25","guid":{"rendered":"https:\/\/v2033.de\/?page_id=281"},"modified":"2024-08-23T12:48:07","modified_gmt":"2024-08-23T12:48:07","slug":"projekthandbuch","status":"publish","type":"page","link":"https:\/\/v2033.de\/index.php\/d-i-b-projekt-2\/projekthandbuch\/","title":{"rendered":"Projekthandbuch"},"content":{"rendered":"\n<p>Der vorliegende Bericht fasst den aktuellen Stand der Vorarbeiten f\u00fcr ein zuk\u00fcnftiges Projekt D.I.B.-Varroa-2033 beim Deutschen Imkerbund e.V. zusammen.&nbsp;<\/p>\n\n\n\n<p>Wer Interesse an der Gesamtvorgehenweist hat sollte das Projekthandbuch lesen. Die einzelnen Ma\u00dfnahmenb\u00fcndel werden separat davon auf der Website aufgef\u00fchrt. <\/p>\n\n\n\n<p>Hier eine kurze Definition von zentralen Begriffe:<\/p>\n\n\n\n<ul class=\"wp-block-list\">\n<li><strong>Z\u00fcchter<\/strong>: K\u00f6niginnenz\u00fcchter mit BeeBreed-Z\u00fcchternummer<\/li>\n\n\n\n<li><strong>Varroaresistenz-Z\u00fcchter<\/strong>: Z\u00fcchter, die besonders die Varroaresistenzzucht betreiben<\/li>\n\n\n\n<li><strong>Multiplikatoren<\/strong>: Personen, die die vorgesehenen Verfahren vermitteln.<\/li>\n<\/ul>\n\n\n\n<h1 class=\"wp-block-heading\">Zielsetzungen des Deutschen Imkerbundes e.V.<\/h1>\n\n\n\n<p>Das Projekt 2033 soll die Imkerschaft bef\u00e4higen, bis 2033 m\u00f6glichst ohne Varroazide Honigbienenv\u00f6lker f\u00fchren zu k\u00f6nnen.<\/p>\n\n\n\n<p>Auf Grundlage der bisher durchgef\u00fchrten Projekte und der bew\u00e4hrten Praxis werden diese Verfahren in die Breite der Imkerschaft des Deutschen Imkerbundes ausgerollt.&nbsp;<\/p>\n\n\n\n<p>Die Umsetzung dieses Ziels f\u00fchrt zu drei Teilzielen:<\/p>\n\n\n\n<ol class=\"wp-block-list\">\n<li>Z\u00fcchtung von regional angepassten und weitestgehend varroaresistenten V\u00f6lkern<\/li>\n\n\n\n<li>Propagieren von biotechnischen Verfahren<\/li>\n\n\n\n<li>Einsatz von Varroaziden nur in Abh\u00e4ngigkeit zu Schadschwellen<\/li>\n<\/ol>\n\n\n\n<p>Die Ausbildung und Kommunikation wird adressatengerecht aufbereitet. Daneben werden Ausarbeitungen f\u00fcr Multiplikatoren erstellt.<\/p>\n\n\n\n<p>Folgenden Gruppen liegen vor<\/p>\n\n\n\n<ul class=\"wp-block-list\">\n<li>Freizeitimker<\/li>\n\n\n\n<li>Berufsimker<\/li>\n\n\n\n<li>Z\u00fcchter<\/li>\n\n\n\n<li>Varroaresistenz-Z\u00fcchter<\/li>\n<\/ul>\n\n\n\n<p>F\u00fcr die Zuchtverfolgung und Zuchtdokumentation ist BeeBreed vorgesehen. <strong><a href=\"http:\/\/beebreed.eu\" data-type=\"link\" data-id=\"https:\/\/beebreed.eu\" target=\"_blank\" rel=\"noreferrer noopener\">BeeBreed.eu <\/a><\/strong>verf\u00fcgt bereits \u00fcber alle ben\u00f6tigten Eingabemerkmale zur Varroaresistenz-Zucht.<\/p>\n\n\n\n<p>Bei der Umsetzung dieses Rollout-Projekts wird der Deutsche Imkerbund auf die langj\u00e4hrige, bew\u00e4hrte und enge Partnerschaft und Expertise der Bieneninstitute und der Fachberater zur\u00fcckgreifen.<\/p>\n\n\n\n<p>Die Umsetzung der Projektziele stellt f\u00fcr den Deutschen Imkerbund mit 135.000 Mitgliedern, organisiert in 2700 Ortsvereinen und 19 Landesverb\u00e4nden, eine gro\u00dfe organisatorische Herausforderung dar.<\/p>\n\n\n\n<h2 class=\"wp-block-heading\">Verbands\u00fcbergreifende Aufgabenstellung<\/h2>\n\n\n\n<p>In den verbands\u00fcbergreifenden Tagungen in Neustein-Aua und Veitsh\u00f6chheim (19.05.2022,&nbsp; 11.\/12.03.2023) wurde als gemeinsames Ziel erkl\u00e4rt, bis 2033 Honigbienenv\u00f6lker ohne Varroazide f\u00fchren zu wollen. Die beteiligten Verb\u00e4nde werden dieses Ziel in den Strukturen ihrer eigenen Organisationen verfolgen. <\/p>\n\n\n\n<h1 class=\"wp-block-heading\">Projekte zur Varroaresistenz<\/h1>\n\n\n\n<h2 class=\"wp-block-heading\">2019 bis 2020 EurBeST - European Bee Selection Team<\/h2>\n\n\n\n<p>Unter der Leitung des Bieneninstituts Kirchhain wurde im Zeitraum von 2017 bis 2020 ein internationales Projekt durchgef\u00fchrt. Dabei wurden mehr als 3.500 V\u00f6lker einj\u00e4hrig gepr\u00fcft.&nbsp;<\/p>\n\n\n\n<p>Folgende Untersuchungstypen sind relevant:<\/p>\n\n\n\n<ul class=\"wp-block-list\">\n<li><strong>VSH<\/strong> Varroasensitive Hygiene<\/li>\n\n\n\n<li><strong>REC<\/strong> Recapping - Auswertung der Wieder-Verdeckelung von Brutzellen<\/li>\n\n\n\n<li><strong>SMR<\/strong> Suppressed Mite Reproduction - Auswertung unterdr\u00fcckter Milbenvermehrung<\/li>\n<\/ul>\n\n\n\n<p>Ein wichtiges Ergebnis der Studie ist, dass die <strong>regionale Anpassung der Bienenv\u00f6lker <\/strong>f\u00fcr den Erfolg wichtig ist. D.h. Bienenv\u00f6lker gleicher Herkunft k\u00f6nnen sich in unterschiedlichen Standorten sehr unterschiedlich entwickeln.&nbsp;<\/p>\n\n\n\n<h2 class=\"wp-block-heading\">2019 bis 2021 Verbundprojekt SMR-Selektion<\/h2>\n\n\n\n<p>Das Verbundprojekt SMR-Selektion wurde in Koordination vom Bieneninstitut Kirchhain, Deutschen Imkerbund und dem L\u00e4nderinstitut f\u00fcr Bienenkunde Hohen Neuendorf durchgef\u00fchrt. Im Mittelpunkt standen private Z\u00fcchter, die in der Arbeitsgemeinschaft Toleranzzucht (AGT) und der Gemeinschaft der europ\u00e4ischen Buckfastimker (GdeB) organisiert waren.&nbsp;<\/p>\n\n\n\n<p>Die angewandten Verfahren sind f\u00fcr die weitere Zuchtarbeit im Projekt D.I.B.-Varroa-2033 von Relevanz. Dazu z\u00e4hlen<\/p>\n\n\n\n<ul class=\"wp-block-list\">\n<li><strong>SDI<\/strong> Single Drone Insemination - Instrumentelle Besamungen, Eindrohn-Besamungen mit Verwendung von MiniPlus-V\u00f6lkern<\/li>\n\n\n\n<li><strong>SMR<\/strong> Suppressed Mite Reproduction - Auswertung unterdr\u00fcckter Milbenvermehrung<\/li>\n\n\n\n<li><strong>REC<\/strong> Recapping - Auswertung der Wieder-Verdeckelung von Brutzellen<\/li>\n\n\n\n<li>Auswertung von Wirtschaftsv\u00f6lkern<\/li>\n<\/ul>\n\n\n\n<p>Erfreulich ist, dass die Zuchtdatenbank <a href=\"http:\/\/beebreed.eu\" data-type=\"link\" data-id=\"http:\/\/beebreed.eu\" target=\"_blank\" rel=\"noreferrer noopener\">BeeBreed.eu<\/a> f\u00fcr eine einheitliche Registratur der Carnica-Zucht vorbereitet ist.<\/p>\n\n\n\n<h2 class=\"wp-block-heading\">Zuk\u00fcnftiges Teilprojekt D.I.B.-Varroa-2033 beim Deutschen Imkerbund<\/h2>\n\n\n\n<p>Die Ergebnisse der Projekte EurBeST, SMR-Selektion und der Arbeit der AGT zeigen, dass relevante Fortschritte in der Z\u00fcchtung m\u00f6glich sind. Die EurBeST-Studie zeigt dar\u00fcber hinaus sehr deutlich, dass im Projekt D.I.B.-Varroa-2033 <strong>regional angepasste Linien<\/strong> angestrebt werden m\u00fcssen.&nbsp;<\/p>\n\n\n\n<h1 class=\"wp-block-heading\">D.I.B. Projektsteuerung<\/h1>\n\n\n\n<p>Organisatorisch wird das zuk\u00fcnftige Teilprojekt D.I.B.-intern vom Projektleiter D.I.B.-Varroa-2033 des D.I.B. geleitet. Diese Homepage dient dem Teilprojekt des D.I.B.<\/p>\n\n\n\n<p> Die anderen beteiligten Verb\u00e4nde entwickeln ihre Teilprojekte - diese werden hier noch nicht ver\u00f6ffentlicht bzw. besprochen. Unter dem Dach \"Varroa 2033\" werden die Meilensteine abgestimmt und die Ergebnisse fachlich gemeinsam diskutiert. Fachtagungen werden gemeinsam organisiert.<\/p>\n\n\n\n<h1 class=\"wp-block-heading\">D.I.B. Zucht - Verfahren<\/h1>\n\n\n\n<p>Die Z\u00fcchtung von <strong>regional angepassten<\/strong> und varroaresistenteren Bienenv\u00f6lkern wird unter dem Dach der Arbeitsgemeinschaft Toleranzzucht e.V. organisiert. Der Handlungsstrang Zucht orientiert sich an den bereits bestehenden und sehr gut bew\u00e4hrten Verfahren des bayerischen Landesverbandes und den bew\u00e4hrten Verfahren der Arbeitsgemeinschaft Toleranzzucht.<\/p>\n\n\n\n<h2 class=\"wp-block-heading\">Verfahren f\u00fcr Freizeitimker<\/h2>\n\n\n\n<ul class=\"wp-block-list\">\n<li>Befallsproben bewerten<\/li>\n\n\n\n<li>Nachzucht von den besten V\u00f6lkern bezogen auf Sanftmut, Honigertrag und Varroamerkmalen am regionalen Standort<\/li>\n\n\n\n<li>optional ist die Verwendung von auf Varroaresistenz vorselektierten K\u00f6niginnen<\/li>\n<\/ul>\n\n\n\n<h2 class=\"wp-block-heading\">Verfahren f\u00fcr Berufsimker<\/h2>\n\n\n\n<p>Berufsimker, die auch Leistungsst\u00e4nde aufgebaut haben sind sehr interessant f\u00fcr das vorliegende Projekt, da dabei von einer gro\u00dfen Anzahl von Leistungsv\u00f6lkern selektiert werden kann. Dies erh\u00f6ht die Wahrscheinlichkeit auf V\u00f6lker mit sehr hoher Varroaresistenz. Es gilt diese zu nutzen.<\/p>\n\n\n\n<h2 class=\"wp-block-heading\">Verfahren f\u00fcr Z\u00fcchter, die in BeeBreed erfassen<\/h2>\n\n\n\n<ul class=\"wp-block-list\">\n<li>Ergebnisse werden in BeeBreed erfasst<\/li>\n\n\n\n<li>3-5 Milbenproben, besonders im Herbst<\/li>\n\n\n\n<li>Vitalit\u00e4tstest f\u00fcr eine Auswahl von V\u00f6lkern<\/li>\n\n\n\n<li>Nadeltest<\/li>\n\n\n\n<li>4a Besamung von selektierten Drohnen<\/li>\n\n\n\n<li>4a Begattung auf AGT-Belegstellen<\/li>\n\n\n\n<li>SMR-Pr\u00fcfung und REC von eingeschickten Brutwaben<\/li>\n\n\n\n<li><strong>Optional<\/strong> weitere Verfahren, wie bei Varroaresistenz-Z\u00fcchter<\/li>\n<\/ul>\n\n\n\n<h2 class=\"wp-block-heading\">Verfahren f\u00fcr Varroaresistenz-Z\u00fcchter<\/h2>\n\n\n\n<ul class=\"wp-block-list\">\n<li>Ergebnisse werden in BeeBreed erfasst<\/li>\n\n\n\n<li>3-5 Milbenproben<\/li>\n\n\n\n<li>Vitalit\u00e4tstest f\u00fcr eine Auswahl von V\u00f6lkern<\/li>\n\n\n\n<li>Nadeltest<\/li>\n\n\n\n<li>SMR-Pr\u00fcfung und REC von eingeschickten Brutwaben<\/li>\n\n\n\n<li>4a Besamung von selektierten Drohnen<\/li>\n\n\n\n<li>4a Begattung auf AGT-Belegstellen<\/li>\n\n\n\n<li>Teilnahme an Pr\u00fcfh\u00f6fen<\/li>\n\n\n\n<li>Teilnahme am Ringtausch<\/li>\n\n\n\n<li><strong>Optional<\/strong>\n<ul class=\"wp-block-list\">\n<li>1b Besamung im selben Jahr von Wirtschaftsv\u00f6lkern<\/li>\n\n\n\n<li>MiniPlus-Vorpr\u00fcfung mit vorselektierten Wirtschaftsv\u00f6lker, optional<\/li>\n\n\n\n<li>MiniPlus mit 1-Drohnbesamung und Nachzucht von selektierten V\u00f6lkchen<\/li>\n<\/ul>\n<\/li>\n<\/ul>\n\n\n\n<h2 class=\"wp-block-heading\">Genotypisierung<\/h2>\n\n\n\n<p>Zur Gew\u00e4hrleistung der Begattungssicherheit w\u00e4re eine Genotypisierung der selektierten V\u00f6lker f\u00fcr die Belegstellenbeschickung und die Besamung sehr hilfreich.&nbsp;<\/p>\n\n\n\n<p>Die Drohnen der T\u00f6chter k\u00f6nnen so sicher dem selektierten Zuchtvolk zugeordnet werden. Damit besteht Sicherheit auf Belegstellen-\/Besamerseite, wie auch der Beschickerseite.<\/p>\n\n\n\n<p>Aktuell (2024) kostet die Genotypisierung 65 \u20ac pro Volk. In BeeBreed sind 83 Belegstellen in Deutschland aufgef\u00fchrt. F\u00fcr die 5 AGT-Belegstellen in 2023 mit 155 V\u00f6lkern w\u00e4ren ca. 10.000 \u20ac j\u00e4hrlich anfallen. Bei einem hypothetischen Hochlauf auf 50 Belegstellen w\u00e4ren mit 100.000 \u20ac j\u00e4hrlich zu rechnen.<\/p>\n\n\n\n<h1 class=\"wp-block-heading\">D.I.B. Zucht - Ben\u00f6tigte F\u00e4higkeiten<\/h1>\n\n\n\n<h2 class=\"wp-block-heading\">Auswahl vielversprechender V\u00f6lker<\/h2>\n\n\n\n<p>Die bestehenden Zuchtlinien sollen verwendet werden, um regional angepasstes Zuchtmaterial zu erhalten. Wir ben\u00f6tigen Z\u00fcchter, die auf Grundlage der Selektionskriterien vielversprechendes Zuchtmaterial zur Verf\u00fcgung stellen.<\/p>\n\n\n\n<h2 class=\"wp-block-heading\">Instrumentelle Besamer<\/h2>\n\n\n\n<p>Die kontrollierte Anpaarung f\u00fcr die Varroaresistenzzucht wird durch instrumentelle Besamungen erreicht. Die Ausbildung von neuen Besamern erfolgt von qualifizierten Multiplikatoren. Die vermittelten Kenntnisse umfassen die Bereiche Drohnenaufzucht, Drohnenvorbereitung, Besamungsvorgang und Nacharbeiten.<\/p>\n\n\n\n<h2 class=\"wp-block-heading\">Leistungspr\u00fcfung<\/h2>\n\n\n\n<p>Neben den Z\u00fcchtern werden Freizeitimker ausgebildet, die in der Lage sind, Merkmale f\u00fcr die Varroaresistenz zu erkennen und zu dokumentieren.<\/p>\n\n\n\n<h2 class=\"wp-block-heading\">SMR-Auswertung<\/h2>\n\n\n\n<p>Die SMR-Auswertung ist insbesondere f\u00fcr die Varroaresistenz-Z\u00fcchter von gro\u00dfer Bedeutung. Um belastbare Ergebnisse zu erzielen werden SMR-Auswertungsgruppen aufgebaut, die qualifiziert vorher gefrorene Brutwaben ausz\u00e4hlen.&nbsp;<\/p>\n\n\n\n<p>Diese Vorgehensweise erfordert finanzielle Unterst\u00fctzung.<\/p>\n\n\n\n<h2 class=\"wp-block-heading\">Vermehreraktivit\u00e4t<\/h2>\n\n\n\n<p>F\u00fcr die Verbreitung von selektiertem Zuchtstoff werden Vermehrer eingesetzt.<\/p>\n\n\n\n<h2 class=\"wp-block-heading\">AGT-Belegstellenbetreuung<\/h2>\n\n\n\n<p>Zu den bereits bestehenden AGT-Belegstellen werden weitere gewonnen.\u00a0Perspektivisch sollen ein Gro\u00dfteil der Carnica-Belegstellen in Abstimmung mit den Landesverb\u00e4nden als Toleranzbelegstellen genutzt werden. Auch heute gibt es eine Reihe von Belegstellen, die mit selektiertem Material arbeiten.<\/p>\n\n\n\n<h1 class=\"wp-block-heading\">D.I.B. Zucht - Meilensteinplanung<\/h1>\n\n\n\n<p>Idealerweise sollten Ortsvereine den Zugang zu selektierten K\u00f6niginnen f\u00fcr die Vermehrung zur Verf\u00fcgung gestellt werden. Zum jetzigen Zeitpunkt ist diese eine Wunschvorstellung, die sich in der Praxis sich noch best\u00e4tigen muss. Im Landesverband  Brandenburgischer Imker wird dieser Weg bereits gegangen.<\/p>\n\n\n\n<p>F\u00fcr eine belastbare Sch\u00e4tzung der anfallenden Kosten liegt das erforderliche verl\u00e4ssliche Mengenger\u00fcst nicht vor.<\/p>\n\n\n\n<p>Zum jetzigen Zeitpunkt wird daher mit einer rollierenden Meilensteinplanung gestartet, die die n\u00e4chsten drei Jahre umfassen wird.&nbsp;<\/p>\n\n\n\n<p>Ziel ist es, einen Teil der Z\u00fcchter dazu zu bewegen, die Varroa-Merkmale  zu erfassen und idealerweise das Zuchtziel damit zu verkn\u00fcpfen. Angestrebt wird, dass alle Z\u00fcchter bis 2033 die Varroa-Merkmale erfassen und danach z\u00fcchten. Auch dies ist eine mutige Zielsetzung.<\/p>\n\n\n\n<p>Die Ergebnisse der n\u00e4chsten Jahre werden erst zu einer verl\u00e4sslichen Sch\u00e4tzung f\u00fchren.<\/p>\n\n\n\n<h1 class=\"wp-block-heading\">D.I.B. Biotechnik - Verfahren<\/h1>\n\n\n\n<p>Zur Biotechnik liegen bereits eine Reihe von biotechnischen Verfahren vor, die in die Breite der Imkerschaft geschult werden sollen. Die \u201cKonsequente Brutentnahme der verdeckelten Brut\u201d kommt der Wunschvorstellung sehr nahe. &nbsp;<\/p>\n\n\n\n<p>Weitere Brutunterbrechungsverfahren mit einem eingeschr\u00e4nkten Einsatz von Varroaziden k\u00f6nnen genutzt werden.<\/p>\n\n\n\n<p>Bei den Verfahren sind Anleitungen notwendig, die sehr ansprechend und sehr klar erarbeitet werden m\u00fcssen. Die Anleitungen m\u00fcssen als PDF-Dokumente leicht erreichbar sein. Daneben sind Fachvortr\u00e4ge und Vorf\u00fchrungen durch Multiplikatoren notwendig. Weitere Hilfen sind als Youtube-Videos geplant.<\/p>\n\n\n\n<h1 class=\"wp-block-heading\">D.I.B. Biotechnik - Schadschwellen&nbsp;<\/h1>\n\n\n\n<p>Begleitend zum Handlungsstrang-Zucht sind im Handlungsstrang Biotechnik \u00fcbergangsweise Varroazide erforderlich. Hier ist es wichtig, dass sich die Anwendung von Varroaziden nach Schadschwellen orientiert und nicht nach dem Kalender.<\/p>\n\n\n\n<h1 class=\"wp-block-heading\">D.I.B. Biotechnik - Meilensteinplanung<\/h1>\n\n\n\n<p>Die bew\u00e4hrten biotechnischen Verfahren sollen kampagnengesteuert in Breite der Imkerschaft ausgerollt werden. Zur Akzeptanz der Verfahren werden Schulungen vor Ort erforderlich werden. Auch hier ist zum derzeitigen Zeitpunkt keine verl\u00e4ssliche Meilensteinplanug m\u00f6glich. Die Erfahrungen der n\u00e4chsten beiden Jahre werden der Ausgangspunkt f\u00fcr die dann m\u00f6gliche Sch\u00e4tzung.<\/p>\n\n\n\n<h1 class=\"wp-block-heading\">D.I.B. Kampagnen und Unterst\u00fctzungen<\/h1>\n\n\n\n<p>F\u00fcr die Handlungsstr\u00e4nge Zucht und Biotechnik werden zeitlich und inhaltlich koordinierte Kampagnen geplant und durchgef\u00fchrt.<\/p>\n\n\n\n<p>Idealerweise erfolgt dies \u00fcber die Landesverb\u00e4nde, Bezirks- und Kreisverb\u00e4nde bis hinunter zu den Mitgliedsvereinen. Dabei werden alle Kommunikationskan\u00e4le genutzt.<\/p>\n\n\n\n<h2 class=\"wp-block-heading\">Themen der D.I.B.-Kampagnen<\/h2>\n\n\n\n<ul class=\"wp-block-list\">\n<li>Ausbildung Z\u00fcchter und Vermehrer<\/li>\n\n\n\n<li>Ausbildung instrumentelle Besamer<\/li>\n\n\n\n<li>Ausbildung Leistungspr\u00fcfung<\/li>\n\n\n\n<li>Ausbildung in biotechnischen Verfahren<\/li>\n\n\n\n<li>Einrichtung und Betrieb von Pr\u00fcfst\u00e4nden<\/li>\n<\/ul>\n\n\n\n<h2 class=\"wp-block-heading\">Unterst\u00fctzte Dauereinrichtungen<\/h2>\n\n\n\n<ul class=\"wp-block-list\">\n<li>Pr\u00fcfh\u00f6fe<\/li>\n\n\n\n<li>Ringtausch<\/li>\n\n\n\n<li>Besamungsaktionen<\/li>\n\n\n\n<li>SMR-Auswertungsstellen (AGT-Vorbild)<\/li>\n<\/ul>\n\n\n\n<h2 class=\"wp-block-heading\">Unterst\u00fctzung mit Pr\u00e4mien und Bereitstellungen<\/h2>\n\n\n\n<p>Dieser Punkt ist als Merkposte aufgestellt. Die Regularien werden sich in der Folgezeit ergeben.<\/p>\n\n\n\n<ul class=\"wp-block-list\">\n<li>Bereitstellung von selektierten K\u00f6niginnen<\/li>\n\n\n\n<li>Bereitstellung von Binokularen f\u00fcr SMR-Ausz\u00e4hlungen (teilweise mit Projektor koppelbar)<\/li>\n\n\n\n<li>Ausgleichszahlungen f\u00fcr verloren V\u00f6lker beim Vitalit\u00e4tstest<\/li>\n\n\n\n<li>Pr\u00e4mien f\u00fcr Teilnahme an Leistungsbewertungen<\/li>\n\n\n\n<li>Auszeichnungen f\u00fcr verdiente Z\u00fcchter - Ehrennadel, anerkannter D.I.B.-Varroatoleranz\u00fcchter, usw.<\/li>\n<\/ul>\n\n\n\n<h1 class=\"wp-block-heading\">D.I.B.-Varroa-2033 N\u00e4chste Aktivit\u00e4ten<\/h1>\n\n\n\n<ul class=\"wp-block-list\">\n<li>Begleitende Webseite vorbereiten (Das ist diese Website).<\/li>\n\n\n\n<li>Nach Einzelabstimmungen Zuchtvorgehensweise gesamthaft abstimmen<\/li>\n\n\n\n<li>Nach Einzelabstimmungen Biotechnik\/Betriebsweisen gesamthaft abstimmen<\/li>\n\n\n\n<li>Aus- und Weiterbildungskonzept adressatengerecht aufbereiten<\/li>\n\n\n\n<li>Ausarbeiten Kommunikationsplanung zu den Landesverb\u00e4nden<\/li>\n\n\n\n<li>Ausarbeiten Kommunikationsplanung zu den Zuchtverb\u00e4nden\/-vereinen<\/li>\n\n\n\n<li>Ausarbeiten Kommunikationsplanung f\u00fcr Biotechnik<\/li>\n\n\n\n<li>Ausarbeitung Mengenger\u00fcst und Finanzierungsbedarf<\/li>\n\n\n\n<li>Abstimmung Au\u00dfenkommunikation<\/li>\n\n\n\n<li>Abstimmung F\u00f6rderungsbedarf<\/li>\n\n\n\n<li>Aufstellen F\u00f6rderantrag beim BMEL<\/li>\n<\/ul>\n\n\n\n<h1 class=\"wp-block-heading\">Anh\u00e4nge&nbsp;<\/h1>\n\n\n\n<h2 class=\"wp-block-heading\">BeeBreed Varroa-Resistenz Merkmale<\/h2>\n\n\n\n<p>Die aktuelle Erfassungsmaske f\u00fcr Varroa-Resistenz zeigt, dass alle notwendigen Merkmale in BeeBreed erfasst werden k\u00f6nnen. Besonders der Nadeltest, der Milbenfall mit der Befallsmessung zusammen, die SMR-Brutuntersuchung. Recapping und Recapping infiziert wird vom Bieneninstitut Kirchhain beworben.<\/p>\n\n\n\n<figure class=\"wp-block-image size-large\"><img loading=\"lazy\" decoding=\"async\" width=\"1024\" height=\"724\" src=\"https:\/\/v2033.de\/wp-content\/uploads\/2024\/03\/2024-03-12-Varroaresistenzzucht-v1-3-1024x724.png\" alt=\"\" class=\"wp-image-215\" srcset=\"https:\/\/v2033.de\/wp-content\/uploads\/2024\/03\/2024-03-12-Varroaresistenzzucht-v1-3-1024x724.png 1024w, https:\/\/v2033.de\/wp-content\/uploads\/2024\/03\/2024-03-12-Varroaresistenzzucht-v1-3-300x212.png 300w, https:\/\/v2033.de\/wp-content\/uploads\/2024\/03\/2024-03-12-Varroaresistenzzucht-v1-3-768x543.png 768w, https:\/\/v2033.de\/wp-content\/uploads\/2024\/03\/2024-03-12-Varroaresistenzzucht-v1-3-960x679.png 960w, https:\/\/v2033.de\/wp-content\/uploads\/2024\/03\/2024-03-12-Varroaresistenzzucht-v1-3.png 1121w\" sizes=\"auto, (max-width: 1024px) 100vw, 1024px\" \/><\/figure>\n\n\n\n<p>30. M\u00e4rz 2024<\/p>\n","protected":false},"excerpt":{"rendered":"<p>Der vorliegende Bericht fasst den aktuellen Stand der Vorarbeiten f\u00fcr ein zuk\u00fcnftiges Projekt D.I.B.-Varroa-2033 beim Deutschen Imkerbund e.V. zusammen.&nbsp; Wer Interesse an der Gesamtvorgehenweist hat sollte das Projekthandbuch lesen. Die einzelnen Ma\u00dfnahmenb\u00fcndel werden separat davon auf der Website aufgef\u00fchrt. Hier eine kurze Definition von zentralen Begriffe: Zielsetzungen des Deutschen Imkerbundes e.V. Das Projekt 2033 soll <a href=\"https:\/\/v2033.de\/index.php\/d-i-b-projekt-2\/projekthandbuch\/\" class=\"more-link\">...weiterlesen<span class=\"screen-reader-text\"> \"Projekthandbuch\"<\/span><\/a><\/p>\n","protected":false},"author":2,"featured_media":0,"parent":183,"menu_order":0,"comment_status":"closed","ping_status":"closed","template":"page-templates\/full-width.php","meta":{"footnotes":""},"class_list":["post-281","page","type-page","status-publish","h-entry","hentry","h-as-page"],"_links":{"self":[{"href":"https:\/\/v2033.de\/index.php\/wp-json\/wp\/v2\/pages\/281","targetHints":{"allow":["GET"]}}],"collection":[{"href":"https:\/\/v2033.de\/index.php\/wp-json\/wp\/v2\/pages"}],"about":[{"href":"https:\/\/v2033.de\/index.php\/wp-json\/wp\/v2\/types\/page"}],"author":[{"embeddable":true,"href":"https:\/\/v2033.de\/index.php\/wp-json\/wp\/v2\/users\/2"}],"replies":[{"embeddable":true,"href":"https:\/\/v2033.de\/index.php\/wp-json\/wp\/v2\/comments?post=281"}],"version-history":[{"count":2,"href":"https:\/\/v2033.de\/index.php\/wp-json\/wp\/v2\/pages\/281\/revisions"}],"predecessor-version":[{"id":351,"href":"https:\/\/v2033.de\/index.php\/wp-json\/wp\/v2\/pages\/281\/revisions\/351"}],"up":[{"embeddable":true,"href":"https:\/\/v2033.de\/index.php\/wp-json\/wp\/v2\/pages\/183"}],"wp:attachment":[{"href":"https:\/\/v2033.de\/index.php\/wp-json\/wp\/v2\/media?parent=281"}],"curies":[{"name":"wp","href":"https:\/\/api.w.org\/{rel}","templated":true}]}}